{"id":18,"date":"2021-08-10T11:49:39","date_gmt":"2021-08-10T11:49:39","guid":{"rendered":"https:\/\/haavakko.fi\/?page_id=18"},"modified":"2022-03-19T14:38:15","modified_gmt":"2022-03-19T14:38:15","slug":"remppavaihe","status":"publish","type":"page","link":"https:\/\/haavakko.fi\/index.php\/remppavaihe\/","title":{"rendered":"Remppavaihe"},"content":{"rendered":"\n<h3 class=\"wp-block-heading\">Vaiheessa<\/h3>\n\n\n\n<ul class=\"wp-block-list\"><li>Juhlasali<\/li><li>Vahna asunto<\/li><li>K\u00e4ytt\u00f6vesiputkien lis\u00e4eristys<\/li><li>Kateremppa<\/li><li>Vanhan asunnon ovi<\/li><\/ul>\n\n\n\n<h3 class=\"wp-block-heading\">Viel\u00e4 aloittamatta<\/h3>\n\n\n\n<ul class=\"wp-block-list\"><li>Kylpp\u00e4rin pieni pintaremppa<\/li><li>Putkien sukitus?<\/li><\/ul>\n\n\n\n<div class=\"wp-block-query is-layout-flow wp-block-query-is-layout-flow\"><ul class=\"is-flex-container columns-3 wp-block-post-template is-layout-flow wp-block-post-template-is-layout-flow\"><li class=\"wp-block-post post-107 post type-post status-publish format-standard has-post-thumbnail hentry category-remppa latest_post\">\n<h2 class=\"wp-block-post-title\"><a href=\"https:\/\/haavakko.fi\/index.php\/ovet\/\" target=\"_self\" >Ovet<\/a><\/h2>\n\n<figure class=\"alignwide wp-block-post-featured-image\"><a href=\"https:\/\/haavakko.fi\/index.php\/ovet\/\" target=\"_self\"  ><img loading=\"lazy\" decoding=\"async\" width=\"2400\" height=\"998\" src=\"https:\/\/haavakko.fi\/wp-content\/uploads\/2022\/03\/ovet_kellari.jpg\" class=\"attachment-post-thumbnail size-post-thumbnail wp-post-image\" alt=\"Ovet\" style=\"object-fit:cover;\" srcset=\"https:\/\/haavakko.fi\/wp-content\/uploads\/2022\/03\/ovet_kellari.jpg 2400w, https:\/\/haavakko.fi\/wp-content\/uploads\/2022\/03\/ovet_kellari-1000x416.jpg 1000w, https:\/\/haavakko.fi\/wp-content\/uploads\/2022\/03\/ovet_kellari-2000x832.jpg 2000w, https:\/\/haavakko.fi\/wp-content\/uploads\/2022\/03\/ovet_kellari-768x319.jpg 768w, https:\/\/haavakko.fi\/wp-content\/uploads\/2022\/03\/ovet_kellari-1536x639.jpg 1536w, https:\/\/haavakko.fi\/wp-content\/uploads\/2022\/03\/ovet_kellari-2048x852.jpg 2048w, https:\/\/haavakko.fi\/wp-content\/uploads\/2022\/03\/ovet_kellari-144x60.jpg 144w\" sizes=\"auto, (max-width: 2400px) 100vw, 2400px\" \/><\/a><\/figure>\n\n<div class=\"wp-block-post-excerpt\"><p class=\"wp-block-post-excerpt__excerpt\">Hieman ihmetytt\u00e4\u00e4 kuinka joskus on ovia tehty. Ehk\u00e4 tuulikaapilla on koitettu sitten korjata tilannetta, kun p\u00e4iv\u00e4 paistaa &#8211; tai ainakin tuuli k\u00e4y &#8211; karmin ja &hellip; <\/p><\/div>\n\n\n<hr class=\"wp-block-separator\"\/>\n\n\n<div class=\"wp-block-post-date\"><time datetime=\"2022-03-19T14:29:07+00:00\">2022-03-19<\/time><\/div>\n<\/li><li class=\"wp-block-post post-109 post type-post status-publish format-standard has-post-thumbnail hentry category-remppa latest_post\">\n<h2 class=\"wp-block-post-title\"><a href=\"https:\/\/haavakko.fi\/index.php\/lammitysjarjestelma\/\" target=\"_self\" >L\u00e4mmitysj\u00e4rjestelm\u00e4<\/a><\/h2>\n\n<figure class=\"alignwide wp-block-post-featured-image\"><a href=\"https:\/\/haavakko.fi\/index.php\/lammitysjarjestelma\/\" target=\"_self\"  ><img loading=\"lazy\" decoding=\"async\" width=\"1140\" height=\"450\" src=\"https:\/\/haavakko.fi\/wp-content\/uploads\/2021\/11\/lammitys-e1636745045388.png\" class=\"attachment-post-thumbnail size-post-thumbnail wp-post-image\" alt=\"L\u00e4mmitysj\u00e4rjestelm\u00e4\" style=\"object-fit:cover;\" \/><\/a><\/figure>\n\n<div class=\"wp-block-post-excerpt\"><p class=\"wp-block-post-excerpt__excerpt\">\u00d6ljypoltin \u00d6ljypoltin hajosi. Nuohooja kertoi sen olevan surkein versio. Kuulemma sit\u00e4 aiemmat ja sen j\u00e4lkeiset mallit ovat huomattavasti parempia. Itsell\u00e4ni ei niist\u00e4 kokemusta, tuostakin vain &hellip; <\/p><\/div>\n\n\n<hr class=\"wp-block-separator\"\/>\n\n\n<div class=\"wp-block-post-date\"><time datetime=\"2021-11-12T19:19:20+00:00\">2021-11-12<\/time><\/div>\n<\/li><li class=\"wp-block-post post-89 post type-post status-publish format-standard has-post-thumbnail hentry category-remppa latest_post\">\n<h2 class=\"wp-block-post-title\"><a href=\"https:\/\/haavakko.fi\/index.php\/katto\/\" target=\"_self\" >Katto<\/a><\/h2>\n\n<figure class=\"alignwide wp-block-post-featured-image\"><a href=\"https:\/\/haavakko.fi\/index.php\/katto\/\" target=\"_self\"  ><img loading=\"lazy\" decoding=\"async\" width=\"2000\" height=\"868\" src=\"https:\/\/haavakko.fi\/wp-content\/uploads\/2021\/08\/talo_ilma.png\" class=\"attachment-post-thumbnail size-post-thumbnail wp-post-image\" alt=\"Katto\" style=\"object-fit:cover;\" srcset=\"https:\/\/haavakko.fi\/wp-content\/uploads\/2021\/08\/talo_ilma.png 2000w, https:\/\/haavakko.fi\/wp-content\/uploads\/2021\/08\/talo_ilma-1000x434.png 1000w, https:\/\/haavakko.fi\/wp-content\/uploads\/2021\/08\/talo_ilma-768x333.png 768w, https:\/\/haavakko.fi\/wp-content\/uploads\/2021\/08\/talo_ilma-1536x667.png 1536w, https:\/\/haavakko.fi\/wp-content\/uploads\/2021\/08\/talo_ilma-138x60.png 138w\" sizes=\"auto, (max-width: 2000px) 100vw, 2000px\" \/><\/a><\/figure>\n\n<div class=\"wp-block-post-excerpt\"><p class=\"wp-block-post-excerpt__excerpt\">Katto oli rikki alusta asti. Siis siit\u00e4 hetkest\u00e4, kun sinne on betonitiili\u00e4 keksitty laittaa. Eih\u00e4n kukaan v\u00e4h\u00e4\u00e4nk\u00e4\u00e4n j\u00e4rjiss\u00e4\u00e4n oleva ihminen laita katolle betonitiili\u00e4&#8230; Niist\u00e4 ole &hellip; <\/p><\/div>\n\n\n<hr class=\"wp-block-separator\"\/>\n\n\n<div class=\"wp-block-post-date\"><time datetime=\"2021-08-25T17:09:45+00:00\">2021-08-25<\/time><\/div>\n<\/li><\/ul><\/div>\n","protected":false},"excerpt":{"rendered":"<p>Vaiheessa Juhlasali Vahna asunto K\u00e4ytt\u00f6vesiputkien lis\u00e4eristys Kateremppa Vanhan asunnon ovi Viel\u00e4 aloittamatta Kylpp\u00e4rin pieni pintaremppa Putkien sukitus?<\/p>\n","protected":false},"author":1,"featured_media":0,"parent":0,"menu_order":0,"comment_status":"closed","ping_status":"closed","template":"","meta":{"iawp_total_views":95,"footnotes":""},"class_list":["post-18","page","type-page","status-publish","hentry","latest_post"],"_links":{"self":[{"href":"https:\/\/haavakko.fi\/index.php\/wp-json\/wp\/v2\/pages\/18","targetHints":{"allow":["GET"]}}],"collection":[{"href":"https:\/\/haavakko.fi\/index.php\/wp-json\/wp\/v2\/pages"}],"about":[{"href":"https:\/\/haavakko.fi\/index.php\/wp-json\/wp\/v2\/types\/page"}],"author":[{"embeddable":true,"href":"https:\/\/haavakko.fi\/index.php\/wp-json\/wp\/v2\/users\/1"}],"replies":[{"embeddable":true,"href":"https:\/\/haavakko.fi\/index.php\/wp-json\/wp\/v2\/comments?post=18"}],"version-history":[{"count":4,"href":"https:\/\/haavakko.fi\/index.php\/wp-json\/wp\/v2\/pages\/18\/revisions"}],"predecessor-version":[{"id":149,"href":"https:\/\/haavakko.fi\/index.php\/wp-json\/wp\/v2\/pages\/18\/revisions\/149"}],"wp:attachment":[{"href":"https:\/\/haavakko.fi\/index.php\/wp-json\/wp\/v2\/media?parent=18"}],"curies":[{"name":"wp","href":"https:\/\/api.w.org\/{rel}","templated":true}]}}