{"id":237,"date":"2024-08-21T12:53:24","date_gmt":"2024-08-21T12:53:24","guid":{"rendered":"https:\/\/haavakko.fi\/?page_id=237"},"modified":"2024-08-21T12:53:24","modified_gmt":"2024-08-21T12:53:24","slug":"satunnaista","status":"publish","type":"page","link":"https:\/\/haavakko.fi\/index.php\/satunnaista\/","title":{"rendered":"Satunnaista"},"content":{"rendered":"\n<p>Satunnnaisaiheita, joista on pit\u00e4nyt jotain kirjoitella<\/p>\n\n\n\n<div class=\"wp-block-query is-layout-flow wp-block-query-is-layout-flow\"><ul class=\"columns-3 wp-block-post-template is-layout-grid wp-container-core-post-template-is-layout-2fc57c17 wp-block-post-template-is-layout-grid\"><li class=\"wp-block-post post-230 post type-post status-publish format-standard hentry category-satunnaiset tag-jalkiruoka tag-leivos tag-leivoskilpailu tag-rusthollarin-teeleipa tag-vattu latest_post\">\n\n<div class=\"wp-block-group\" style=\"padding-top:30px;padding-right:30px;padding-bottom:30px;padding-left:30px\"><div class=\"wp-block-group__inner-container is-layout-flow wp-block-group-is-layout-flow\"><h2 class=\"wp-block-post-title\"><a href=\"https:\/\/haavakko.fi\/index.php\/rusthollarin-teeleipa\/\" target=\"_self\" >Rusthollarin teeleip\u00e4<\/a><\/h2>\n\n<div class=\"wp-block-post-excerpt\"><p class=\"wp-block-post-excerpt__excerpt\">(20 kpl leivoksia)180 g valkuaista ulkokanojen munista150 g sokeria100 g mantelijauhetta25 g perunajauhoaVatkataan sokeri-valkuaisvaahto, johon lis\u00e4t\u00e4\u00e4n jauhoseos hell\u00e4sti sekoittaen. Taikina pursotetaan muffinssivuokien reunoille ja pohjalle &hellip; <\/p><\/div>\n\n<div class=\"wp-block-post-date\"><time datetime=\"2024-08-14T10:04:19+00:00\">2024-08-14<\/time><\/div><\/div><\/div>\n\n<\/li><li class=\"wp-block-post post-210 post type-post status-publish format-standard hentry category-satunnaiset tag-ce tag-ce-todistus tag-dop tag-suoritustasoilmoitus tag-u-arvo latest_post\">\n\n<div class=\"wp-block-group\" style=\"padding-top:30px;padding-right:30px;padding-bottom:30px;padding-left:30px\"><div class=\"wp-block-group__inner-container is-layout-flow wp-block-group-is-layout-flow\"><h2 class=\"wp-block-post-title\"><a href=\"https:\/\/haavakko.fi\/index.php\/ce-dop-ja-u-arvo\/\" target=\"_self\" >CE, DoP ja U-arvo<\/a><\/h2>\n\n<div class=\"wp-block-post-excerpt\"><p class=\"wp-block-post-excerpt__excerpt\">Itse kun aloin tutustua n\u00e4ihin asioihin, ei niin kovin helposti asia selvinnyt. Ihminen, joka jotain ovia tai ikkunoita ostaa, ei varmasti jaksa ottaa selv\u00e4\u00e4 mit\u00e4 &hellip; <\/p><\/div>\n\n<div class=\"wp-block-post-date\"><time datetime=\"2023-10-24T20:38:26+00:00\">2023-10-24<\/time><\/div><\/div><\/div>\n\n<\/li><li class=\"wp-block-post post-1 post type-post status-publish format-standard has-post-thumbnail hentry category-satunnaiset latest_post\">\n\n<div class=\"wp-block-group\" style=\"padding-top:30px;padding-right:30px;padding-bottom:30px;padding-left:30px\"><div class=\"wp-block-group__inner-container is-layout-flow wp-block-group-is-layout-flow\"><h2 class=\"wp-block-post-title\"><a href=\"https:\/\/haavakko.fi\/index.php\/hello-world\/\" target=\"_self\" >Hello world!<\/a><\/h2>\n\n<div class=\"wp-block-post-excerpt\"><p class=\"wp-block-post-excerpt__excerpt\">Kuten n\u00e4kyy, t\u00e4lle projektille ilmestyi nettisivut. Idea oli t\u00e4nne p\u00e4ivitell\u00e4 taloon ja ymp\u00e4rist\u00f6\u00f6n liittyvi\u00e4 juttuja, kun jaksaa. Teemaan sopivaa taidetta mukaan. Ja juu, helpolla menn\u00e4\u00e4, &hellip; <\/p><\/div>\n\n<div class=\"wp-block-post-date\"><time datetime=\"2021-08-10T09:36:39+00:00\">2021-08-10<\/time><\/div><\/div><\/div>\n\n<\/li><\/ul><\/div>\n","protected":false},"excerpt":{"rendered":"<p>Satunnnaisaiheita, joista on pit\u00e4nyt jotain kirjoitella<\/p>\n","protected":false},"author":1,"featured_media":0,"parent":0,"menu_order":0,"comment_status":"closed","ping_status":"closed","template":"","meta":{"iawp_total_views":54,"footnotes":""},"class_list":["post-237","page","type-page","status-publish","hentry","latest_post"],"_links":{"self":[{"href":"https:\/\/haavakko.fi\/index.php\/wp-json\/wp\/v2\/pages\/237","targetHints":{"allow":["GET"]}}],"collection":[{"href":"https:\/\/haavakko.fi\/index.php\/wp-json\/wp\/v2\/pages"}],"about":[{"href":"https:\/\/haavakko.fi\/index.php\/wp-json\/wp\/v2\/types\/page"}],"author":[{"embeddable":true,"href":"https:\/\/haavakko.fi\/index.php\/wp-json\/wp\/v2\/users\/1"}],"replies":[{"embeddable":true,"href":"https:\/\/haavakko.fi\/index.php\/wp-json\/wp\/v2\/comments?post=237"}],"version-history":[{"count":2,"href":"https:\/\/haavakko.fi\/index.php\/wp-json\/wp\/v2\/pages\/237\/revisions"}],"predecessor-version":[{"id":240,"href":"https:\/\/haavakko.fi\/index.php\/wp-json\/wp\/v2\/pages\/237\/revisions\/240"}],"wp:attachment":[{"href":"https:\/\/haavakko.fi\/index.php\/wp-json\/wp\/v2\/media?parent=237"}],"curies":[{"name":"wp","href":"https:\/\/api.w.org\/{rel}","templated":true}]}}