{"id":61,"date":"2021-08-10T19:38:32","date_gmt":"2021-08-10T19:38:32","guid":{"rendered":"https:\/\/haavakko.fi\/?page_id=61"},"modified":"2021-08-10T19:38:32","modified_gmt":"2021-08-10T19:38:32","slug":"piha","status":"publish","type":"page","link":"https:\/\/haavakko.fi\/index.php\/piha\/","title":{"rendered":"Piha ja puutarha"},"content":{"rendered":"\n<p>Pihan ja puutarhan hommia. Jotta ulkonakin olisi kivampi viett\u00e4\u00e4 aikaa. Ja tietty pihan pit\u00e4\u00e4 olla my\u00f6s fuktionaalinen.<\/p>\n\n\n\n<div class=\"wp-block-query is-layout-flow wp-block-query-is-layout-flow\"><ul class=\"is-flex-container columns-3 wp-block-post-template is-layout-flow wp-block-post-template-is-layout-flow\"><li class=\"wp-block-post post-169 post type-post status-publish format-standard has-post-thumbnail hentry category-piha latest_post\">\n<h2 class=\"wp-block-post-title\"><a href=\"https:\/\/haavakko.fi\/index.php\/ulkovalot\/\" target=\"_self\" >Ulkovalot<\/a><\/h2>\n\n<figure class=\"alignwide wp-block-post-featured-image\"><a href=\"https:\/\/haavakko.fi\/index.php\/ulkovalot\/\" target=\"_self\"  ><img loading=\"lazy\" decoding=\"async\" width=\"499\" height=\"614\" src=\"https:\/\/haavakko.fi\/wp-content\/uploads\/2023\/03\/ulkovalo.jpg\" class=\"attachment-post-thumbnail size-post-thumbnail wp-post-image\" alt=\"Ulkovalot\" style=\"object-fit:cover;\" srcset=\"https:\/\/haavakko.fi\/wp-content\/uploads\/2023\/03\/ulkovalo.jpg 499w, https:\/\/haavakko.fi\/wp-content\/uploads\/2023\/03\/ulkovalo-49x60.jpg 49w\" sizes=\"auto, (max-width: 499px) 100vw, 499px\" \/><\/a><\/figure>\n\n<div class=\"wp-block-post-excerpt\"><p class=\"wp-block-post-excerpt__excerpt\">Jouluna saatiin otettua k\u00e4ytt\u00f6\u00f6n liiketunnistimilla varustetut pihavalot. Eik\u00e4 siin\u00e4 viel\u00e4 kaikki. Niiss\u00e4 on my\u00f6s katkaisijat, joilla ne saa p\u00e4\u00e4lle ja keskuksen vieress\u00e4 katkaisija, jolla ne &hellip; <\/p><\/div>\n\n\n<hr class=\"wp-block-separator\"\/>\n\n\n<div class=\"wp-block-post-date\"><time datetime=\"2023-03-15T09:24:13+00:00\">2023-03-15<\/time><\/div>\n<\/li><li class=\"wp-block-post post-138 post type-post status-publish format-standard has-post-thumbnail hentry category-piha latest_post\">\n<h2 class=\"wp-block-post-title\"><a href=\"https:\/\/haavakko.fi\/index.php\/sadevesiputkisto-ja-maakaapelointi\/\" target=\"_self\" >Sadevesiputkisto ja maakaapelointi<\/a><\/h2>\n\n<figure class=\"alignwide wp-block-post-featured-image\"><a href=\"https:\/\/haavakko.fi\/index.php\/sadevesiputkisto-ja-maakaapelointi\/\" target=\"_self\"  ><img loading=\"lazy\" decoding=\"async\" width=\"2000\" height=\"1001\" src=\"https:\/\/haavakko.fi\/wp-content\/uploads\/2022\/03\/ojat_aloitus_.jpg\" class=\"attachment-post-thumbnail size-post-thumbnail wp-post-image\" alt=\"Sadevesiputkisto ja maakaapelointi\" style=\"object-fit:cover;\" srcset=\"https:\/\/haavakko.fi\/wp-content\/uploads\/2022\/03\/ojat_aloitus_.jpg 2000w, https:\/\/haavakko.fi\/wp-content\/uploads\/2022\/03\/ojat_aloitus_-1000x501.jpg 1000w, https:\/\/haavakko.fi\/wp-content\/uploads\/2022\/03\/ojat_aloitus_-768x384.jpg 768w, https:\/\/haavakko.fi\/wp-content\/uploads\/2022\/03\/ojat_aloitus_-1536x769.jpg 1536w, https:\/\/haavakko.fi\/wp-content\/uploads\/2022\/03\/ojat_aloitus_-120x60.jpg 120w\" sizes=\"auto, (max-width: 2000px) 100vw, 2000px\" \/><\/a><\/figure>\n\n<div class=\"wp-block-post-excerpt\"><p class=\"wp-block-post-excerpt__excerpt\">Alkuun r\u00e4nneist\u00e4 vesi tippui maahan tai tynnyreihin. Vaikka maasto t\u00e4ss\u00e4 kohtaa onkin hiekkaa, ei mielest\u00e4ni ole kovin j\u00e4rkev\u00e4\u00e4 valuttaa tarkoituksella vett\u00e4 talon viereen, joten piti &hellip; <\/p><\/div>\n\n\n<hr class=\"wp-block-separator\"\/>\n\n\n<div class=\"wp-block-post-date\"><time datetime=\"2022-03-19T10:54:12+00:00\">2022-03-19<\/time><\/div>\n<\/li><\/ul><\/div>\n","protected":false},"excerpt":{"rendered":"<p>Pihan ja puutarhan hommia. Jotta ulkonakin olisi kivampi viett\u00e4\u00e4 aikaa. Ja tietty pihan pit\u00e4\u00e4 olla my\u00f6s fuktionaalinen.<\/p>\n","protected":false},"author":1,"featured_media":0,"parent":0,"menu_order":0,"comment_status":"closed","ping_status":"closed","template":"","meta":{"iawp_total_views":84,"footnotes":""},"class_list":["post-61","page","type-page","status-publish","hentry","latest_post"],"_links":{"self":[{"href":"https:\/\/haavakko.fi\/index.php\/wp-json\/wp\/v2\/pages\/61","targetHints":{"allow":["GET"]}}],"collection":[{"href":"https:\/\/haavakko.fi\/index.php\/wp-json\/wp\/v2\/pages"}],"about":[{"href":"https:\/\/haavakko.fi\/index.php\/wp-json\/wp\/v2\/types\/page"}],"author":[{"embeddable":true,"href":"https:\/\/haavakko.fi\/index.php\/wp-json\/wp\/v2\/users\/1"}],"replies":[{"embeddable":true,"href":"https:\/\/haavakko.fi\/index.php\/wp-json\/wp\/v2\/comments?post=61"}],"version-history":[{"count":2,"href":"https:\/\/haavakko.fi\/index.php\/wp-json\/wp\/v2\/pages\/61\/revisions"}],"predecessor-version":[{"id":64,"href":"https:\/\/haavakko.fi\/index.php\/wp-json\/wp\/v2\/pages\/61\/revisions\/64"}],"wp:attachment":[{"href":"https:\/\/haavakko.fi\/index.php\/wp-json\/wp\/v2\/media?parent=61"}],"curies":[{"name":"wp","href":"https:\/\/api.w.org\/{rel}","templated":true}]}}